{"id":7220,"date":"2024-06-30T19:56:08","date_gmt":"2024-06-30T19:56:08","guid":{"rendered":"https:\/\/nysida.24x365.se\/?post_type=product&#038;p=7220"},"modified":"2024-08-28T14:14:35","modified_gmt":"2024-08-28T12:14:35","slug":"gymkort-6-manader","status":"publish","type":"product","link":"https:\/\/nysida.24x365.se\/sv\/product\/gymkort-6-manader\/","title":{"rendered":"Gymkort 6 M\u00e5nader"},"content":{"rendered":"<p>Gymkort som \u00e4r giltigt i 6 m\u00e5nader.<\/p>\n<p>Vi anv\u00e4nder FlexyPay som leverant\u00f6r f\u00f6r att smidigt ge dig ett digitalt gymkort direkt i mobilen.<\/p>\n<p>Alternativt kan man betala eng\u00e5ngsintr\u00e4de vid d\u00f6rren.<\/p>\n<p>FlexyPay finns l\u00e4nkade h\u00e4r f\u00f6r b\u00e5de <a href=\"https:\/\/apps.apple.com\/au\/app\/flexypay\/id1463192847\">iOS<\/a> och <a href=\"https:\/\/play.google.com\/store\/apps\/details?id=com.flexaccess.flexypay&amp;hl=en&amp;pli=1\">Android<\/a>.<\/p>\n<p><em><strong>Vi accepterar Epassi och S\u00f6derbergs Partners Friskv\u00e5rdsportal!<\/strong><\/em><\/p>","protected":false},"excerpt":{"rendered":"<p>Gymkort som \u00e4r giltigt i 6 m\u00e5nader.<\/p>","protected":false},"featured_media":7219,"menu_order":0,"template":"","meta":[],"product_cat":[88],"product_tag":[],"class_list":{"0":"post-7220","1":"product","2":"type-product","3":"status-publish","4":"has-post-thumbnail","6":"product_cat-gymkort","8":"first","9":"instock","10":"shipping-taxable","11":"purchasable","12":"product-type-simple"},"jetpack_sharing_enabled":true,"_links":{"self":[{"href":"https:\/\/nysida.24x365.se\/sv\/wp-json\/wp\/v2\/product\/7220","targetHints":{"allow":["GET"]}}],"collection":[{"href":"https:\/\/nysida.24x365.se\/sv\/wp-json\/wp\/v2\/product"}],"about":[{"href":"https:\/\/nysida.24x365.se\/sv\/wp-json\/wp\/v2\/types\/product"}],"version-history":[{"count":1,"href":"https:\/\/nysida.24x365.se\/sv\/wp-json\/wp\/v2\/product\/7220\/revisions"}],"predecessor-version":[{"id":7482,"href":"https:\/\/nysida.24x365.se\/sv\/wp-json\/wp\/v2\/product\/7220\/revisions\/7482"}],"wp:featuredmedia":[{"embeddable":true,"href":"https:\/\/nysida.24x365.se\/sv\/wp-json\/wp\/v2\/media\/7219"}],"wp:attachment":[{"href":"https:\/\/nysida.24x365.se\/sv\/wp-json\/wp\/v2\/media?parent=7220"}],"wp:term":[{"taxonomy":"product_cat","embeddable":true,"href":"https:\/\/nysida.24x365.se\/sv\/wp-json\/wp\/v2\/product_cat?post=7220"},{"taxonomy":"product_tag","embeddable":true,"href":"https:\/\/nysida.24x365.se\/sv\/wp-json\/wp\/v2\/product_tag?post=7220"}],"curies":[{"name":"wp","href":"https:\/\/api.w.org\/{rel}","templated":true}]}}